{"id":46,"date":"2024-10-31T10:30:30","date_gmt":"2024-10-31T09:30:30","guid":{"rendered":"https:\/\/travelparadise.pl\/?page_id=46"},"modified":"2025-11-11T18:07:54","modified_gmt":"2025-11-11T17:07:54","slug":"jarmark-bozonarodzeniowy-gdansk","status":"publish","type":"page","link":"https:\/\/travelparadise.pl\/?page_id=46","title":{"rendered":"Jarmark Bo\u017conarodzeniowy Gda\u0144sk"},"content":{"rendered":"<div class=\"kb-row-layout-wrap kb-row-layout-id46_575a4d-3d alignfull kt-row-has-bg kb-divider-static wp-block-kadence-rowlayout\"><div class=\"kt-row-layout-overlay kt-row-overlay-gradient\"><\/div><div class=\"kt-row-layout-bottom-sep kt-row-sep-type-sltl\"><svg viewBox=\"0 0 1000 100\" preserveAspectRatio=\"none\"><path d=\"M1000,0l-1000,100l1000,0l0,-100Z\" \/><\/svg><\/div><div class=\"kt-row-column-wrap kt-has-1-columns kt-row-layout-equal kt-tab-layout-inherit kt-mobile-layout-row kt-row-valign-middle kb-theme-content-width\">\n\n<div class=\"wp-block-kadence-column kadence-column46_a9db19-c3 inner-column-1\"><div class=\"kt-inside-inner-col\">\n<h1 class=\"kt-adv-heading46_36b4c7-e3 wp-block-kadence-advancedheading has-theme-palette-9-color has-text-color\" data-kb-block=\"kb-adv-heading46_36b4c7-e3\">GDA\u0143SK<\/h1>\n\n\n\n<span class=\"kt-adv-heading46_d8489e-0c wp-block-kadence-advancedheading has-theme-palette-9-color has-text-color\" data-kb-block=\"kb-adv-heading46_d8489e-0c\"><strong>Wycieczka autokarowa na Jarmark Bo\u017conarodzeniowy!<\/strong><\/span>\n<\/div><\/div>\n\n<\/div><\/div>\n\n\n<p class=\"kt-adv-heading46_63fd10-ea wp-block-kadence-advancedheading\" data-kb-block=\"kb-adv-heading46_63fd10-ea\"><strong>Trzy dogodne terminy: <\/strong><\/p>\n\n\n\n<div class=\"wp-block-kadence-advancedbtn kb-buttons-wrap kb-btns46_6611de-d0\"><span class=\"kb-button kt-button button kb-btn46_37a595-06 kt-btn-size-standard kt-btn-width-type-auto kb-btn-global-fill kt-btn-has-text-true kt-btn-has-svg-false  wp-block-kadence-singlebtn\"><span class=\"kt-btn-inner-text\">07.12.2025<\/span><\/span>\n\n<span class=\"kb-button kt-button button kb-btn46_56627e-f4 kt-btn-size-standard kt-btn-width-type-auto kb-btn-global-fill kt-btn-has-text-true kt-btn-has-svg-false  wp-block-kadence-singlebtn\"><span class=\"kt-btn-inner-text\">14.12.2025<\/span><\/span>\n\n<span class=\"kb-button kt-button button kb-btn46_999454-41 kt-btn-size-standard kt-btn-width-type-auto kb-btn-global-fill kt-btn-has-text-true kt-btn-has-svg-false  wp-block-kadence-singlebtn\"><span class=\"kt-btn-inner-text\">21.12.2025<\/span><\/span><\/div>\n\n\n\n<p class=\"kt-adv-heading46_6552f8-34 wp-block-kadence-advancedheading\" data-kb-block=\"kb-adv-heading46_6552f8-34\"><\/p>\n\n\n<div class=\"kb-gallery-wrap-id-46_a38fc0-a9 alignnone wp-block-kadence-advancedgallery\"><ul class=\"kb-gallery-ul kb-gallery-non-static kb-gallery-type-masonry kb-masonry-init kb-gallery-id-46_a38fc0-a9 kb-gallery-caption-style-bottom-hover kb-gallery-filter-none\" data-image-filter=\"none\" data-item-selector=\".kadence-blocks-gallery-item\" data-lightbox-caption=\"true\" data-columns-xxl=\"3\" data-columns-xl=\"3\" data-columns-md=\"3\" data-columns-sm=\"2\" data-columns-xs=\"1\" data-columns-ss=\"1\"><li class=\"kadence-blocks-gallery-item\"><div class=\"kadence-blocks-gallery-item-inner\"><figure class=\"kb-gallery-figure kadence-blocks-gallery-item-hide-caption\"><div class=\"kb-gal-image-radius\" style=\"max-width:940px;\"><div class=\"kb-gallery-image-contain kadence-blocks-gallery-intrinsic\" style=\"padding-bottom:64%;\"><img loading=\"lazy\" decoding=\"async\" src=\"http:\/\/travelparadise.pl\/wp-content\/uploads\/2025\/10\/202212201413.jpg.webp\" width=\"940\" height=\"605\" alt=\"\" data-full-image=\"http:\/\/travelparadise.pl\/wp-content\/uploads\/2025\/10\/202212201413.jpg.webp\" data-light-image=\"http:\/\/travelparadise.pl\/wp-content\/uploads\/2025\/10\/202212201413.jpg.webp\" data-id=\"909\" class=\"wp-image-909\" srcset=\"https:\/\/travelparadise.pl\/wp-content\/uploads\/2025\/10\/202212201413.jpg.webp 940w, https:\/\/travelparadise.pl\/wp-content\/uploads\/2025\/10\/202212201413.jpg-300x193.webp 300w, https:\/\/travelparadise.pl\/wp-content\/uploads\/2025\/10\/202212201413.jpg-768x494.webp 768w\" sizes=\"auto, (max-width: 940px) 100vw, 940px\" \/><\/div><\/div><\/figure><\/div><\/li><li class=\"kadence-blocks-gallery-item\"><div class=\"kadence-blocks-gallery-item-inner\"><figure class=\"kb-gallery-figure kadence-blocks-gallery-item-hide-caption\"><div class=\"kb-gal-image-radius\" style=\"max-width:799px;\"><div class=\"kb-gallery-image-contain kadence-blocks-gallery-intrinsic\" style=\"padding-bottom:66%;\"><img loading=\"lazy\" decoding=\"async\" src=\"http:\/\/travelparadise.pl\/wp-content\/uploads\/2025\/10\/202012161619.jpg.webp\" width=\"799\" height=\"533\" alt=\"\" data-full-image=\"http:\/\/travelparadise.pl\/wp-content\/uploads\/2025\/10\/202012161619.jpg.webp\" data-light-image=\"http:\/\/travelparadise.pl\/wp-content\/uploads\/2025\/10\/202012161619.jpg.webp\" data-id=\"910\" class=\"wp-image-910\" srcset=\"https:\/\/travelparadise.pl\/wp-content\/uploads\/2025\/10\/202012161619.jpg.webp 799w, https:\/\/travelparadise.pl\/wp-content\/uploads\/2025\/10\/202012161619.jpg-300x200.webp 300w, https:\/\/travelparadise.pl\/wp-content\/uploads\/2025\/10\/202012161619.jpg-768x512.webp 768w\" sizes=\"auto, (max-width: 799px) 100vw, 799px\" \/><\/div><\/div><\/figure><\/div><\/li><li class=\"kadence-blocks-gallery-item\"><div class=\"kadence-blocks-gallery-item-inner\"><figure class=\"kb-gallery-figure kadence-blocks-gallery-item-hide-caption\"><div class=\"kb-gal-image-radius\" style=\"max-width:1024px;\"><div class=\"kb-gallery-image-contain kadence-blocks-gallery-intrinsic\" style=\"padding-bottom:66%;\"><img loading=\"lazy\" decoding=\"async\" src=\"http:\/\/travelparadise.pl\/wp-content\/uploads\/2025\/10\/1731676719.Jarmark-1024x683.jpg\" width=\"1024\" height=\"683\" alt=\"\" data-full-image=\"http:\/\/travelparadise.pl\/wp-content\/uploads\/2025\/10\/1731676719.Jarmark.jpg\" data-light-image=\"http:\/\/travelparadise.pl\/wp-content\/uploads\/2025\/10\/1731676719.Jarmark.jpg\" data-id=\"911\" class=\"wp-image-911\" srcset=\"https:\/\/travelparadise.pl\/wp-content\/uploads\/2025\/10\/1731676719.Jarmark-1024x683.jpg 1024w, https:\/\/travelparadise.pl\/wp-content\/uploads\/2025\/10\/1731676719.Jarmark-300x200.jpg 300w, https:\/\/travelparadise.pl\/wp-content\/uploads\/2025\/10\/1731676719.Jarmark-768x512.jpg 768w, https:\/\/travelparadise.pl\/wp-content\/uploads\/2025\/10\/1731676719.Jarmark-1536x1024.jpg 1536w, https:\/\/travelparadise.pl\/wp-content\/uploads\/2025\/10\/1731676719.Jarmark.jpg 2048w\" sizes=\"auto, (max-width: 1024px) 100vw, 1024px\" \/><\/div><\/div><\/figure><\/div><\/li><\/ul><\/div>\n\n\n<hr class=\"wp-block-separator has-alpha-channel-opacity is-style-wide\"\/>\n\n\n\n<p class=\"kt-adv-heading46_1d3c96-07 wp-block-kadence-advancedheading\" data-kb-block=\"kb-adv-heading46_1d3c96-07\">Okres przed\u015bwi\u0105teczny to doskona\u0142a okazja by pojecha\u0107 do Gda\u0144ska. Zwiedzanie miasta, po\u0142\u0105czone wraz z wizyt\u0105 na Jarmarku Bo\u017conarodzeniowym to nasza propozycja zar\u00f3wno dla doros\u0142ych jak i dzieci. <\/p>\n\n\n\n<p class=\"kt-adv-heading46_bd404c-a0_0 wp-block-kadence-advancedheading\" data-kb-block=\"kb-adv-heading46_bd404c-a0_0\">Cieszcie si\u0119 magicznym czasem na jednym z najbardziej malowniczych jarmarku bo\u017conarodzeniowym w Polsce. <\/p>\n\n\n\n<h5 class=\"kt-adv-heading46_acdf62-57 wp-block-kadence-advancedheading\" data-kb-block=\"kb-adv-heading46_acdf62-57\"><strong>Program ramowy<\/strong><\/h5>\n\n\n\n<p class=\"kt-adv-heading46_173ef6-32 wp-block-kadence-advancedheading\" data-kb-block=\"kb-adv-heading46_173ef6-32\">Przejazd do Gdyni, spacer z przewodnikiem<\/p>\n\n\n\n<div class=\"wp-block-kadence-iconlist kt-svg-icon-list-items kt-svg-icon-list-items46_316ac8-32 kt-svg-icon-list-columns-1 alignnone\"><ul class=\"kt-svg-icon-list\">\n<li class=\"wp-block-kadence-listitem kt-svg-icon-list-item-wrap kt-svg-icon-list-item-46_796389-9e kt-svg-icon-list-level-1\"><span class=\"kb-svg-icon-wrap kb-svg-icon-fe_checkCircle kt-svg-icon-list-single\"><svg viewBox=\"0 0 24 24\"  fill=\"none\" stroke=\"currentColor\" stroke-width=\"2\" stroke-linecap=\"round\" stroke-linejoin=\"round\" xmlns=\"http:\/\/www.w3.org\/2000\/svg\"  aria-hidden=\"true\"><path d=\"M22 11.08V12a10 10 0 1 1-5.93-9.14\"\/><polyline points=\"22 4 12 14.01 9 11.01\"\/><\/svg><\/span><span class=\"kt-svg-icon-list-text\"><strong>Skwer Ko\u015bciuszki<\/strong><\/span><\/li>\n\n\n\n<li class=\"wp-block-kadence-listitem kt-svg-icon-list-item-wrap kt-svg-icon-list-item-46_ceb122-48 kt-svg-icon-list-level-1\"><span class=\"kb-svg-icon-wrap kb-svg-icon-fe_checkCircle kt-svg-icon-list-single\"><svg viewBox=\"0 0 24 24\"  fill=\"none\" stroke=\"currentColor\" stroke-width=\"2\" stroke-linecap=\"round\" stroke-linejoin=\"round\" xmlns=\"http:\/\/www.w3.org\/2000\/svg\"  aria-hidden=\"true\"><path d=\"M22 11.08V12a10 10 0 1 1-5.93-9.14\"\/><polyline points=\"22 4 12 14.01 9 11.01\"\/><\/svg><\/span><span class=\"kt-svg-icon-list-text\"><strong>Dar Pomorza<\/strong><\/span><\/li>\n\n\n\n<li class=\"wp-block-kadence-listitem kt-svg-icon-list-item-wrap kt-svg-icon-list-item-46_ffe073-eb kt-svg-icon-list-level-1\"><span class=\"kb-svg-icon-wrap kb-svg-icon-fe_checkCircle kt-svg-icon-list-single\"><svg viewBox=\"0 0 24 24\"  fill=\"none\" stroke=\"currentColor\" stroke-width=\"2\" stroke-linecap=\"round\" stroke-linejoin=\"round\" xmlns=\"http:\/\/www.w3.org\/2000\/svg\"  aria-hidden=\"true\"><path d=\"M22 11.08V12a10 10 0 1 1-5.93-9.14\"\/><polyline points=\"22 4 12 14.01 9 11.01\"\/><\/svg><\/span><span class=\"kt-svg-icon-list-text\"><strong>ORP B\u0142yskawica<\/strong><\/span><\/li>\n<\/ul><\/div>\n\n\n\n<p class=\"kt-adv-heading46_ab5bf8-c3 wp-block-kadence-advancedheading\" data-kb-block=\"kb-adv-heading46_ab5bf8-c3\">Przejazd do Gda\u0144ska, spacer z przewodnikiem<\/p>\n\n\n\n<div class=\"wp-block-kadence-iconlist kt-svg-icon-list-items kt-svg-icon-list-items46_9d3aac-85 kt-svg-icon-list-columns-1 alignnone\"><ul class=\"kt-svg-icon-list\">\n<li class=\"wp-block-kadence-listitem kt-svg-icon-list-item-wrap kt-svg-icon-list-item-46_37b03f-c3 kt-svg-icon-list-level-1\"><span class=\"kb-svg-icon-wrap kb-svg-icon-fe_checkCircle kt-svg-icon-list-single\"><svg viewBox=\"0 0 24 24\"  fill=\"none\" stroke=\"currentColor\" stroke-width=\"2\" stroke-linecap=\"round\" stroke-linejoin=\"round\" xmlns=\"http:\/\/www.w3.org\/2000\/svg\"  aria-hidden=\"true\"><path d=\"M22 11.08V12a10 10 0 1 1-5.93-9.14\"\/><polyline points=\"22 4 12 14.01 9 11.01\"\/><\/svg><\/span><span class=\"kt-svg-icon-list-text\"><strong>W\u0119dr\u00f3wka po malowniczych uliczkach starego miasta, w\u015br\u00f3d gotyckich ko\u015bcio\u0142\u00f3w, zabytkowych kamienic i kultowych punkt\u00f3w takich jak fontanna Neptuna czy D\u0142ugi Targ<\/strong><\/span><\/li>\n\n\n\n<li class=\"wp-block-kadence-listitem kt-svg-icon-list-item-wrap kt-svg-icon-list-item-46_3c76ea-6a kt-svg-icon-list-level-1\"><span class=\"kb-svg-icon-wrap kb-svg-icon-fe_checkCircle kt-svg-icon-list-single\"><svg viewBox=\"0 0 24 24\"  fill=\"none\" stroke=\"currentColor\" stroke-width=\"2\" stroke-linecap=\"round\" stroke-linejoin=\"round\" xmlns=\"http:\/\/www.w3.org\/2000\/svg\"  aria-hidden=\"true\"><path d=\"M22 11.08V12a10 10 0 1 1-5.93-9.14\"\/><polyline points=\"22 4 12 14.01 9 11.01\"\/><\/svg><\/span><span class=\"kt-svg-icon-list-text\"><strong>czas wolny na Jarmarku Bo\u017conarodzeniowym <\/strong><\/span><\/li>\n<\/ul><\/div>\n\n\n\n<p class=\"kt-adv-heading46_1149a6-fb wp-block-kadence-advancedheading\" data-kb-block=\"kb-adv-heading46_1149a6-fb\"><strong>\u015awiadczenia zawarte w cenie<\/strong><\/p>\n\n\n\n<div class=\"wp-block-kadence-iconlist kt-svg-icon-list-items kt-svg-icon-list-items46_ad0335-8f kt-svg-icon-list-columns-1 alignnone\"><ul class=\"kt-svg-icon-list\">\n<li class=\"wp-block-kadence-listitem kt-svg-icon-list-item-wrap kt-svg-icon-list-item-46_fc4e37-58\"><span class=\"kb-svg-icon-wrap kb-svg-icon-fe_checkCircle kt-svg-icon-list-single\"><svg viewBox=\"0 0 24 24\"  fill=\"none\" stroke=\"currentColor\" stroke-width=\"2\" stroke-linecap=\"round\" stroke-linejoin=\"round\" xmlns=\"http:\/\/www.w3.org\/2000\/svg\"  aria-hidden=\"true\"><path d=\"M22 11.08V12a10 10 0 1 1-5.93-9.14\"\/><polyline points=\"22 4 12 14.01 9 11.01\"\/><\/svg><\/span><span class=\"kt-svg-icon-list-text\">przejazd luksusowym autokarem<\/span><\/li>\n\n\n\n<li class=\"wp-block-kadence-listitem kt-svg-icon-list-item-wrap kt-svg-icon-list-item-46_f0c26e-1f\"><span class=\"kb-svg-icon-wrap kb-svg-icon-fe_checkCircle kt-svg-icon-list-single\"><svg viewBox=\"0 0 24 24\"  fill=\"none\" stroke=\"currentColor\" stroke-width=\"2\" stroke-linecap=\"round\" stroke-linejoin=\"round\" xmlns=\"http:\/\/www.w3.org\/2000\/svg\"  aria-hidden=\"true\"><path d=\"M22 11.08V12a10 10 0 1 1-5.93-9.14\"\/><polyline points=\"22 4 12 14.01 9 11.01\"\/><\/svg><\/span><span class=\"kt-svg-icon-list-text\">opieka pilota w trakcie trwania przejazdu<\/span><\/li>\n\n\n\n<li class=\"wp-block-kadence-listitem kt-svg-icon-list-item-wrap kt-svg-icon-list-item-46_2bc601-7f\"><span class=\"kb-svg-icon-wrap kb-svg-icon-fe_checkCircle kt-svg-icon-list-single\"><svg viewBox=\"0 0 24 24\"  fill=\"none\" stroke=\"currentColor\" stroke-width=\"2\" stroke-linecap=\"round\" stroke-linejoin=\"round\" xmlns=\"http:\/\/www.w3.org\/2000\/svg\"  aria-hidden=\"true\"><path d=\"M22 11.08V12a10 10 0 1 1-5.93-9.14\"\/><polyline points=\"22 4 12 14.01 9 11.01\"\/><\/svg><\/span><span class=\"kt-svg-icon-list-text\">przewodnik w Gdyni oraz Gda\u0144sku<\/span><\/li>\n\n\n\n<li class=\"wp-block-kadence-listitem kt-svg-icon-list-item-wrap kt-svg-icon-list-item-46_39040c-f1\"><span class=\"kb-svg-icon-wrap kb-svg-icon-fe_checkCircle kt-svg-icon-list-single\"><svg viewBox=\"0 0 24 24\"  fill=\"none\" stroke=\"currentColor\" stroke-width=\"2\" stroke-linecap=\"round\" stroke-linejoin=\"round\" xmlns=\"http:\/\/www.w3.org\/2000\/svg\"  aria-hidden=\"true\"><path d=\"M22 11.08V12a10 10 0 1 1-5.93-9.14\"\/><polyline points=\"22 4 12 14.01 9 11.01\"\/><\/svg><\/span><span class=\"kt-svg-icon-list-text\">ubezpieczenie<\/span><\/li>\n\n\n\n<li class=\"wp-block-kadence-listitem kt-svg-icon-list-item-wrap kt-svg-icon-list-item-46_a7b1f7-b4\"><span class=\"kb-svg-icon-wrap kb-svg-icon-fe_checkCircle kt-svg-icon-list-single\"><svg viewBox=\"0 0 24 24\"  fill=\"none\" stroke=\"currentColor\" stroke-width=\"2\" stroke-linecap=\"round\" stroke-linejoin=\"round\" xmlns=\"http:\/\/www.w3.org\/2000\/svg\"  aria-hidden=\"true\"><path d=\"M22 11.08V12a10 10 0 1 1-5.93-9.14\"\/><polyline points=\"22 4 12 14.01 9 11.01\"\/><\/svg><\/span><span class=\"kt-svg-icon-list-text\">zestaw tour guide dla ka\u017cdego uczestnika<\/span><\/li>\n\n\n\n<li class=\"wp-block-kadence-listitem kt-svg-icon-list-item-wrap kt-svg-icon-list-item-46_55a537-0c\"><span class=\"kb-svg-icon-wrap kb-svg-icon-fe_checkCircle kt-svg-icon-list-single\"><svg viewBox=\"0 0 24 24\"  fill=\"none\" stroke=\"currentColor\" stroke-width=\"2\" stroke-linecap=\"round\" stroke-linejoin=\"round\" xmlns=\"http:\/\/www.w3.org\/2000\/svg\"  aria-hidden=\"true\"><path d=\"M22 11.08V12a10 10 0 1 1-5.93-9.14\"\/><polyline points=\"22 4 12 14.01 9 11.01\"\/><\/svg><\/span><span class=\"kt-svg-icon-list-text\">op\u0142aty drogowe oraz parkingi<\/span><\/li>\n<\/ul><\/div>\n\n\n\n<h4 class=\"wp-block-heading has--font-size\"><strong>CENA CA\u0141KOWITA &#8211; 179 Z\u0141 OD OSOBY<\/strong><\/h4>\n\n\n\n<p class=\"kt-adv-heading46_4496ae-03_0 wp-block-kadence-advancedheading\" data-kb-block=\"kb-adv-heading46_4496ae-03_0\">Informacje, zapisy:<\/p>\n\n\n\n<p class=\"kt-adv-heading46_116212-5e wp-block-kadence-advancedheading\" data-kb-block=\"kb-adv-heading46_116212-5e\">Sebastian Krysza\u0142owicz +48 506 932 754 <\/p>\n\n\n\n<div class=\"wp-block-kadence-infobox kt-info-box46_987982-0e\"><span class=\"kt-blocks-info-box-link-wrap info-box-link kt-blocks-info-box-media-align-top kt-info-halign-center\"><div class=\"kt-blocks-info-box-media-container\"><div class=\"kt-blocks-info-box-media kt-info-media-animate-none\"><div class=\"kadence-info-box-icon-container kt-info-icon-animate-none\"><div class=\"kadence-info-box-icon-inner-container\"><span class=\"kb-svg-icon-wrap kb-svg-icon-fe_aperture kt-info-svg-icon\"><svg viewBox=\"0 0 24 24\"  fill=\"none\" stroke=\"currentColor\" stroke-width=\"2\" stroke-linecap=\"round\" stroke-linejoin=\"round\" xmlns=\"http:\/\/www.w3.org\/2000\/svg\"  aria-hidden=\"true\"><circle cx=\"12\" cy=\"12\" r=\"10\"\/><line x1=\"14.31\" y1=\"8\" x2=\"20.05\" y2=\"17.94\"\/><line x1=\"9.69\" y1=\"8\" x2=\"21.17\" y2=\"8\"\/><line x1=\"7.38\" y1=\"12\" x2=\"13.12\" y2=\"2.06\"\/><line x1=\"9.69\" y1=\"16\" x2=\"3.95\" y2=\"6.06\"\/><line x1=\"14.31\" y1=\"16\" x2=\"2.83\" y2=\"16\"\/><line x1=\"16.62\" y1=\"12\" x2=\"10.88\" y2=\"21.94\"\/><\/svg><\/span><\/div><\/div><\/div><\/div><div class=\"kt-infobox-textcontent\"><h2 class=\"kt-blocks-info-box-title\">WA\u017bNE INFORMACJE<\/h2><p class=\"kt-blocks-info-box-text\"><strong>* Nale\u017cy<\/strong> zabra\u0107 ze sob\u0105 wa\u017cny dokument to\u017csamo\u015bci (dow\u00f3d osobisty lub    paszport, dotyczy to r\u00f3wnie\u017c dzieci)<br><strong>* Zaleca<\/strong> si\u0119 posiadanie karty ubezpieczenia zdrowotnego EKUZ- dokument uprawniaj\u0105cy do korzystania ze \u015bwiadcze\u0144 zdrowotnych podczas pobytu w innych pa\u0144stwach cz\u0142onkowskich Europejskiego Obszaru Gospodarczego i Szwajcarii.<br><strong>* Na jarmarkach<\/strong> opr\u00f3cz stoisk z typowym \u015bwi\u0105tecznymi gad\u017cetami s\u0105 stoiska ze \u015bwi\u0105tecznymi, s\u0142odkimi smako\u0142ykami, a tak\u017ce karuzele,\u00a0 zje\u017cd\u017calnie, lodowiska, szopki, koncerty\u00a0 \u2013 (prosimy pami\u0119ta\u0107, \u017ce niekt\u00f3re atrakcje s\u0105 p\u0142atne)<br><strong>* Wy\u017cywienie<\/strong> na wycieczce we w\u0142asnym zakresie \u2013 na stoiskach na jarmarkach jest mo\u017cliwo\u015b\u0107 spr\u00f3bowania regionalnych da\u0144 (min. popularnej Currywurst \u2013 czyli kie\u0142basek pieczonych z curry) i skosztowania aromatycznego grzanego wina. <br><strong>* Dzieci<\/strong> i m\u0142odzie\u017c zabieramy tylko pod opiek\u0105 doros\u0142ych<br>Wygodne i ciep\u0142e obuwie obowi\u0105zkowe \u2013 podczas wycieczki b\u0119dziemy du\u017co chodzi\u0107.<br><strong>\u00a0* Zastrzegamy<\/strong> sobie mo\u017cliwo\u015b\u0107 zmiany programu je\u015bli b\u0119dzie to zwi\u0105zane z restrykcjami wprowadzonymi przez w\u0142adze Gda\u0144ska w zakresie organizacji poszczeg\u00f3lnych jarmark\u00f3w b\u0105d\u017a atrakcji turystycznych.<\/p><\/div><\/span><\/div>\n","protected":false},"excerpt":{"rendered":"<p>GDA\u0143SK Wycieczka autokarowa na Jarmark Bo\u017conarodzeniowy! Trzy dogodne terminy: Okres przed\u015bwi\u0105teczny to doskona\u0142a okazja by pojecha\u0107 do Gda\u0144ska. Zwiedzanie miasta, po\u0142\u0105czone wraz z wizyt\u0105 na Jarmarku Bo\u017conarodzeniowym to nasza propozycja zar\u00f3wno dla doros\u0142ych jak i dzieci. Cieszcie si\u0119 magicznym czasem na jednym z najbardziej malowniczych jarmarku bo\u017conarodzeniowym w Polsce. Program ramowy Przejazd do Gdyni, spacer [&hellip;]<\/p>\n","protected":false},"author":1,"featured_media":0,"parent":0,"menu_order":0,"comment_status":"closed","ping_status":"closed","template":"","meta":{"footnotes":""},"class_list":["post-46","page","type-page","status-publish","hentry"],"_links":{"self":[{"href":"https:\/\/travelparadise.pl\/index.php?rest_route=\/wp\/v2\/pages\/46","targetHints":{"allow":["GET"]}}],"collection":[{"href":"https:\/\/travelparadise.pl\/index.php?rest_route=\/wp\/v2\/pages"}],"about":[{"href":"https:\/\/travelparadise.pl\/index.php?rest_route=\/wp\/v2\/types\/page"}],"author":[{"embeddable":true,"href":"https:\/\/travelparadise.pl\/index.php?rest_route=\/wp\/v2\/users\/1"}],"replies":[{"embeddable":true,"href":"https:\/\/travelparadise.pl\/index.php?rest_route=%2Fwp%2Fv2%2Fcomments&post=46"}],"version-history":[{"count":16,"href":"https:\/\/travelparadise.pl\/index.php?rest_route=\/wp\/v2\/pages\/46\/revisions"}],"predecessor-version":[{"id":999,"href":"https:\/\/travelparadise.pl\/index.php?rest_route=\/wp\/v2\/pages\/46\/revisions\/999"}],"wp:attachment":[{"href":"https:\/\/travelparadise.pl\/index.php?rest_route=%2Fwp%2Fv2%2Fmedia&parent=46"}],"curies":[{"name":"wp","href":"https:\/\/api.w.org\/{rel}","templated":true}]}}