{"id":29,"date":"2024-10-31T10:16:18","date_gmt":"2024-10-31T09:16:18","guid":{"rendered":"https:\/\/travelparadise.pl\/?page_id=29"},"modified":"2025-06-25T10:42:31","modified_gmt":"2025-06-25T08:42:31","slug":"wycieczki-objazdowe","status":"publish","type":"page","link":"https:\/\/travelparadise.pl\/?page_id=29","title":{"rendered":"SKARBY MA\u0141OPOLSKI"},"content":{"rendered":"<div class=\"kb-row-layout-wrap kb-row-layout-id29_fd9497-20 alignfull kt-row-has-bg kb-divider-static wp-block-kadence-rowlayout\"><div class=\"kt-row-layout-overlay kt-row-overlay-gradient\"><\/div><div class=\"kt-row-layout-bottom-sep kt-row-sep-type-sltl\"><svg viewBox=\"0 0 1000 100\" preserveAspectRatio=\"none\"><path d=\"M1000,0l-1000,100l1000,0l0,-100Z\" \/><\/svg><\/div><div class=\"kt-row-column-wrap kt-has-1-columns kt-row-layout-equal kt-tab-layout-inherit kt-mobile-layout-row kt-row-valign-middle kb-theme-content-width\">\n\n<div class=\"wp-block-kadence-column kadence-column29_4f8eef-97 inner-column-1\"><div class=\"kt-inside-inner-col\">\n<h1 class=\"kt-adv-heading29_335d69-1b wp-block-kadence-advancedheading has-theme-palette-9-color has-text-color\" data-kb-block=\"kb-adv-heading29_335d69-1b\"><\/h1>\n\n\n\n<span class=\"kt-adv-heading29_026f22-c9 wp-block-kadence-advancedheading has-theme-palette-9-color has-text-color\" data-kb-block=\"kb-adv-heading29_026f22-c9\">Wspomnienia, kt\u00f3re zostan\u0105 z Tob\u0105 na zawsze!<\/span>\n\n\n\n<p class=\"has-base-color has-text-color has-link-color wp-elements-2eef57f66e4189f434ff680eb23835a1\" style=\"margin-top:var(--wp--preset--spacing--30);margin-bottom:var(--wp--preset--spacing--30)\"><\/p>\n<\/div><\/div>\n\n<\/div><\/div>\n\n\n<div class=\"wp-block-buttons is-layout-flex wp-block-buttons-is-layout-flex\"><\/div>\n\n\n<div class=\"kb-gallery-wrap-id-29_8c4f0b-d3 alignnone wp-block-kadence-advancedgallery\"><ul class=\"kb-gallery-ul kb-gallery-non-static kb-gallery-type-grid kb-gallery-id-29_8c4f0b-d3 kb-gallery-caption-style-bottom-hover kb-gallery-filter-none kb-gallery-magnific-init\" data-image-filter=\"none\" data-item-selector=\".kadence-blocks-gallery-item\" data-lightbox-caption=\"true\" data-columns-xxl=\"3\" data-columns-xl=\"3\" data-columns-md=\"3\" data-columns-sm=\"2\" data-columns-xs=\"1\" data-columns-ss=\"1\"><li class=\"kadence-blocks-gallery-item\"><div class=\"kadence-blocks-gallery-item-inner\"><figure class=\"kb-gallery-figure kb-gallery-item-has-link kadence-blocks-gallery-item-hide-caption\"><a href=\"http:\/\/travelparadise.pl\/wp-content\/uploads\/2025\/01\/kierunek_majowka-1.jpg\" class=\"kb-gallery-item-link\"  ><div class=\"kb-gal-image-radius\"><div class=\"kb-gallery-image-contain kadence-blocks-gallery-intrinsic kb-gallery-image-ratio-land32 kb-has-image-ratio-land32\" ><img loading=\"lazy\" decoding=\"async\" src=\"http:\/\/travelparadise.pl\/wp-content\/uploads\/2025\/01\/kierunek_majowka-1.jpg\" width=\"770\" height=\"435\" alt=\"\" data-full-image=\"http:\/\/travelparadise.pl\/wp-content\/uploads\/2025\/01\/kierunek_majowka-1.jpg\" data-light-image=\"http:\/\/travelparadise.pl\/wp-content\/uploads\/2025\/01\/kierunek_majowka-1.jpg\" data-id=\"597\" class=\"wp-image-597\" srcset=\"https:\/\/travelparadise.pl\/wp-content\/uploads\/2025\/01\/kierunek_majowka-1.jpg 770w, https:\/\/travelparadise.pl\/wp-content\/uploads\/2025\/01\/kierunek_majowka-1-300x169.jpg 300w, https:\/\/travelparadise.pl\/wp-content\/uploads\/2025\/01\/kierunek_majowka-1-768x434.jpg 768w\" sizes=\"auto, (max-width: 770px) 100vw, 770px\" \/><\/div><\/div><\/a><\/figure><\/div><\/li><li class=\"kadence-blocks-gallery-item\"><div class=\"kadence-blocks-gallery-item-inner\"><figure class=\"kb-gallery-figure kb-gallery-item-has-link kadence-blocks-gallery-item-hide-caption\"><a href=\"http:\/\/travelparadise.pl\/wp-content\/uploads\/2025\/01\/hg-kwiatki.jpg-1.webp\" class=\"kb-gallery-item-link\"  ><div class=\"kb-gal-image-radius\"><div class=\"kb-gallery-image-contain kadence-blocks-gallery-intrinsic kb-gallery-image-ratio-land32 kb-has-image-ratio-land32\" ><img loading=\"lazy\" decoding=\"async\" src=\"http:\/\/travelparadise.pl\/wp-content\/uploads\/2025\/01\/hg-kwiatki.jpg-1-1024x410.webp\" width=\"1024\" height=\"410\" alt=\"\" data-full-image=\"http:\/\/travelparadise.pl\/wp-content\/uploads\/2025\/01\/hg-kwiatki.jpg-1.webp\" data-light-image=\"http:\/\/travelparadise.pl\/wp-content\/uploads\/2025\/01\/hg-kwiatki.jpg-1.webp\" data-id=\"596\" class=\"wp-image-596\" srcset=\"https:\/\/travelparadise.pl\/wp-content\/uploads\/2025\/01\/hg-kwiatki.jpg-1-1024x410.webp 1024w, https:\/\/travelparadise.pl\/wp-content\/uploads\/2025\/01\/hg-kwiatki.jpg-1-300x120.webp 300w, https:\/\/travelparadise.pl\/wp-content\/uploads\/2025\/01\/hg-kwiatki.jpg-1-768x307.webp 768w, https:\/\/travelparadise.pl\/wp-content\/uploads\/2025\/01\/hg-kwiatki.jpg-1-1536x614.webp 1536w, https:\/\/travelparadise.pl\/wp-content\/uploads\/2025\/01\/hg-kwiatki.jpg-1.webp 1920w\" sizes=\"auto, (max-width: 1024px) 100vw, 1024px\" \/><\/div><\/div><\/a><\/figure><\/div><\/li><li class=\"kadence-blocks-gallery-item\"><div class=\"kadence-blocks-gallery-item-inner\"><figure class=\"kb-gallery-figure kb-gallery-item-has-link kadence-blocks-gallery-item-hide-caption\"><a href=\"http:\/\/travelparadise.pl\/wp-content\/uploads\/2025\/01\/Sukiennice_and_Main_Market_Square_Krakow_Poland.jpg\" class=\"kb-gallery-item-link\"  ><div class=\"kb-gal-image-radius\"><div class=\"kb-gallery-image-contain kadence-blocks-gallery-intrinsic kb-gallery-image-ratio-land32 kb-has-image-ratio-land32\" ><img loading=\"lazy\" decoding=\"async\" src=\"http:\/\/travelparadise.pl\/wp-content\/uploads\/2025\/01\/Sukiennice_and_Main_Market_Square_Krakow_Poland.jpg\" width=\"640\" height=\"436\" alt=\"\" data-full-image=\"http:\/\/travelparadise.pl\/wp-content\/uploads\/2025\/01\/Sukiennice_and_Main_Market_Square_Krakow_Poland.jpg\" data-light-image=\"http:\/\/travelparadise.pl\/wp-content\/uploads\/2025\/01\/Sukiennice_and_Main_Market_Square_Krakow_Poland.jpg\" data-id=\"595\" class=\"wp-image-595\" srcset=\"https:\/\/travelparadise.pl\/wp-content\/uploads\/2025\/01\/Sukiennice_and_Main_Market_Square_Krakow_Poland.jpg 640w, https:\/\/travelparadise.pl\/wp-content\/uploads\/2025\/01\/Sukiennice_and_Main_Market_Square_Krakow_Poland-300x204.jpg 300w\" sizes=\"auto, (max-width: 640px) 100vw, 640px\" \/><\/div><\/div><\/a><\/figure><\/div><\/li><\/ul><\/div>\n\n\n<hr class=\"wp-block-separator has-alpha-channel-opacity is-style-wide\"\/>\n\n\n\n<div class=\"wp-block-buttons is-layout-flex wp-block-buttons-is-layout-flex\">\n<div class=\"wp-block-button\"><a class=\"wp-block-button__link has-base-color has-contrast-background-color has-text-color has-background has-link-color wp-element-button\" href=\"https:\/\/travelparadise.pl\/?page_id=51\"><strong>Zarezerwuj teraz!<\/strong><\/a><\/div>\n<\/div>\n\n\n\n<div class=\"wp-block-kadence-column kadence-column29_ceb454-65\"><div class=\"kt-inside-inner-col\">\n<h2 class=\"kt-adv-heading29_d4c7f0-ca wp-block-kadence-advancedheading\" data-kb-block=\"kb-adv-heading29_d4c7f0-ca\"><strong>5 Dni Pe\u0142nych Wra\u017ce\u0144!<\/strong><\/h2>\n\n\n\n<p>Do\u0142\u0105cz do naszej wycieczki \u201eSkarby Ma\u0142opolski\u201d i odkryj najpi\u0119kniejsze zak\u0105tki Ma\u0142opolski! W programie: malowniczy <strong>Ojcowski Park Narodowy<\/strong>, gdzie czeka Ci\u0119 spacer po\u015br\u00f3d tajemniczych ska\u0142 i jaski\u0144.<br><br>Zobacz <strong>Kopalni\u0119 Soli w Wieliczce<\/strong>, wpisan\u0105 na list\u0119 UNESCO, oraz poczuj g\u00f3rski klimat <strong>Zakopanego<\/strong>. Na koniec odwied\u017a <strong>Muzeum Auschwitz w O\u015bwi\u0119cimiu<\/strong> \u2013 miejsce pami\u0119ci o tragicznych wydarzeniach II wojny \u015bwiatowej.<br> 6 dni pe\u0142nych emocji, historii i niezapomnianych wra\u017ce\u0144 \u2013 z Travel Paradise w Ma\u0142opolsce ka\u017cdy dzie\u0144 to przygoda!<br><\/p>\n\n\n\n<p style=\"margin-top:0;margin-bottom:0\"><strong>PROGRAM: <\/strong><br><strong>DZIE\u0143 1:<\/strong><\/p>\n\n\n\n<p style=\"margin-top:0;margin-bottom:0\">Nocny przejazd do Ojcowa <\/p>\n\n\n\n<p><\/p>\n\n\n\n<p style=\"margin-top:0;margin-bottom:0\"><strong>DZIE\u0143 2:<\/strong><\/p>\n\n\n\n<p style=\"margin-top:0;margin-bottom:0\">Zwiedzanie z przewodnikiem Ojcowskiego Parku Narodowego<\/p>\n\n\n\n<ul class=\"wp-block-list\">\n<li>obiadokolacja<\/li>\n\n\n\n<li>nocleg<\/li>\n<\/ul>\n\n\n\n<p><\/p>\n\n\n\n<p style=\"margin-top:0;margin-bottom:0\"><strong>DZIE\u0143 3:<\/strong><\/p>\n\n\n\n<ul class=\"wp-block-list\">\n<li>\u015bniadanie<\/li>\n\n\n\n<li>zwiedzanie s\u0142ynnej Trasy Kr\u00f3lewskiej wiod\u0105cej od Bazyliki \u015bw. Floriana na Placu Matejki, obok barbakanu, przez bram\u0119 i ul. Floria\u0144sk\u0105, rynek g\u0142\u00f3wny, sukiennice, ko\u015bci\u00f3\u0142 mariacki a\u017c na wzg\u00f3rze wawelskie<\/li>\n\n\n\n<li> czas wolny w okolicach rynku krakowskiego<\/li>\n\n\n\n<li style=\"margin-top:0;margin-bottom:0\"> przejazd do Kopalni Soli w Wieliczce \n<ul class=\"wp-block-list\">\n<li>zwiedzanie z przewodnikiem<\/li>\n<\/ul>\n<\/li>\n\n\n\n<li style=\"margin-top:0;margin-bottom:0\"> obiadokolacja<\/li>\n\n\n\n<li style=\"margin-top:0;margin-bottom:0\"> nocleg<\/li>\n<\/ul>\n\n\n\n<p><\/p>\n\n\n\n<p style=\"margin-top:0;margin-bottom:0\"><strong>DZIE\u0143 4:<\/strong><\/p>\n\n\n\n<ul class=\"wp-block-list\">\n<li style=\"margin-top:0;margin-bottom:0\">\u015bniadanie <\/li>\n\n\n\n<li style=\"margin-top:0;margin-bottom:0\">przejazd do Zakopanego\n<ul class=\"wp-block-list\">\n<li>wjazd i zjazd kolejk\u0105 na Guba\u0142\u00f3wk\u0119<\/li>\n\n\n\n<li>spacer po Krup\u00f3wkach (czas wolny) <\/li>\n\n\n\n<li>przejazd obok Sanktuarium na Krzept\u00f3wkach oraz Wielkiej Krokwi<\/li>\n<\/ul>\n<\/li>\n\n\n\n<li style=\"margin-top:0;margin-bottom:0\"> obiadokolacja <\/li>\n\n\n\n<li style=\"margin-top:0;margin-bottom:0\">nocleg<\/li>\n<\/ul>\n\n\n\n<p><\/p>\n\n\n\n<p style=\"margin-top:0;margin-bottom:0\"><strong>DZIE\u0143 5:<\/strong><\/p>\n\n\n\n<ul class=\"wp-block-list\">\n<li>\u015bniadanie<\/li>\n\n\n\n<li>przejazd do O\u015bwi\u0119cimia \n<ul class=\"wp-block-list\">\n<li>zwiedzanie muzeum Auschwitz z przewodnikiem<\/li>\n<\/ul>\n<\/li>\n\n\n\n<li> wieczorny wyjazd do domu<\/li>\n<\/ul>\n\n\n\n<p><\/p>\n\n\n\n<p><strong>DZIE\u0143 6:<\/strong><\/p>\n\n\n\n<ul class=\"wp-block-list\">\n<li>Przyjazd do Ustki, S\u0142upska, L\u0119borka w godzinach porannych<\/li>\n<\/ul>\n\n\n\n<p><\/p>\n\n\n\n<p style=\"margin-top:0;margin-bottom:0\"><strong>\u015aWIADCZENIA ZAWARTE W CENIE:<\/strong><\/p>\n\n\n\n<ul class=\"wp-block-list\">\n<li style=\"margin-top:0;margin-bottom:0\">transport luksusowym autokarem <\/li>\n\n\n\n<li style=\"margin-top:0;margin-bottom:0\">ubezpieczenie NNW<\/li>\n\n\n\n<li style=\"margin-top:0;margin-bottom:0\">opieka pilotA<\/li>\n\n\n\n<li style=\"margin-top:0;margin-bottom:0\">3 x nocleg, 3 x \u015bniadanie, 3 x obiadokolacja <\/li>\n\n\n\n<li style=\"margin-top:0;margin-bottom:0\">przewodnik <\/li>\n\n\n\n<li style=\"margin-top:0;margin-bottom:0\"><strong>zestawy tour guide dla ka\u017cdego uczestnika<\/strong><\/li>\n\n\n\n<li style=\"margin-top:0;margin-bottom:0\">op\u0142ata na Turystyczny Fundusz Gwarancyjny<\/li>\n\n\n\n<li style=\"margin-top:0;margin-bottom:0\">op\u0142ata na Turystyczny Fundusz Pomocowy<\/li>\n\n\n\n<li style=\"margin-top:0;margin-bottom:0\">op\u0142aty parkingowe<\/li>\n\n\n\n<li style=\"margin-top:0;margin-bottom:0\">op\u0142aty drogowe<\/li>\n\n\n\n<li style=\"margin-top:0;margin-bottom:0\">podatek VAT<\/li>\n<\/ul>\n\n\n\n<p><\/p>\n\n\n\n<p style=\"margin-top:0;margin-bottom:0\"><strong>DODATKOWO P\u0141ATNE:<\/strong><\/p>\n\n\n\n<ul class=\"wp-block-list\">\n<li>bilety wst\u0119pu do zwiedzanych obiekt\u00f3w: \n<ul class=\"wp-block-list\">\n<li style=\"margin-top:0;margin-bottom:0\">Kopalnia Soli w Wieliczce<\/li>\n\n\n\n<li style=\"margin-top:0;margin-bottom:0\">wjazd i zjazd kolejk\u0105 na Guba\u0142\u00f3wk\u0119<\/li>\n\n\n\n<li style=\"margin-top:0;margin-bottom:0\">muzeum Auschwitz<\/li>\n<\/ul>\n<\/li>\n<\/ul>\n\n\n\n<p>Program jest ramowy &#8211; godziny mog\u0105 ulec zmianie.<br>W przypadku nie zebrania grupy 45 os\u00f3b- wycieczka nie odb\u0119dzie si\u0119.&nbsp;<br>Ka\u017cdy uczestnik powinien posiada\u0107 dokument to\u017csamo\u015bci (dow\u00f3d osobisty lub paszport).<br>W przypadku zmian cen bilet\u00f3w wst\u0119p\u00f3w, podwy\u017cek cen paliwa, koszt wycieczki mog\u0105 ulegnie zmianie.<\/p>\n\n\n\n<p><\/p>\n<\/div><\/div>\n\n\n\n<div class=\"wp-block-kadence-column kadence-column29_ad0eb7-d3\"><div class=\"kt-inside-inner-col\"><\/div><\/div>\n\n\n\n<hr class=\"wp-block-separator has-alpha-channel-opacity is-style-wide\"\/>\n\n\n\n<p><\/p>\n","protected":false},"excerpt":{"rendered":"<p>Wspomnienia, kt\u00f3re zostan\u0105 z Tob\u0105 na zawsze! 5 Dni Pe\u0142nych Wra\u017ce\u0144! Do\u0142\u0105cz do naszej wycieczki \u201eSkarby Ma\u0142opolski\u201d i odkryj najpi\u0119kniejsze zak\u0105tki Ma\u0142opolski! W programie: malowniczy Ojcowski Park Narodowy, gdzie czeka Ci\u0119 spacer po\u015br\u00f3d tajemniczych ska\u0142 i jaski\u0144. Zobacz Kopalni\u0119 Soli w Wieliczce, wpisan\u0105 na list\u0119 UNESCO, oraz poczuj g\u00f3rski klimat Zakopanego. Na koniec odwied\u017a Muzeum [&hellip;]<\/p>\n","protected":false},"author":1,"featured_media":0,"parent":0,"menu_order":0,"comment_status":"closed","ping_status":"closed","template":"","meta":{"footnotes":""},"class_list":["post-29","page","type-page","status-publish","hentry"],"_links":{"self":[{"href":"https:\/\/travelparadise.pl\/index.php?rest_route=\/wp\/v2\/pages\/29","targetHints":{"allow":["GET"]}}],"collection":[{"href":"https:\/\/travelparadise.pl\/index.php?rest_route=\/wp\/v2\/pages"}],"about":[{"href":"https:\/\/travelparadise.pl\/index.php?rest_route=\/wp\/v2\/types\/page"}],"author":[{"embeddable":true,"href":"https:\/\/travelparadise.pl\/index.php?rest_route=\/wp\/v2\/users\/1"}],"replies":[{"embeddable":true,"href":"https:\/\/travelparadise.pl\/index.php?rest_route=%2Fwp%2Fv2%2Fcomments&post=29"}],"version-history":[{"count":27,"href":"https:\/\/travelparadise.pl\/index.php?rest_route=\/wp\/v2\/pages\/29\/revisions"}],"predecessor-version":[{"id":872,"href":"https:\/\/travelparadise.pl\/index.php?rest_route=\/wp\/v2\/pages\/29\/revisions\/872"}],"wp:attachment":[{"href":"https:\/\/travelparadise.pl\/index.php?rest_route=%2Fwp%2Fv2%2Fmedia&parent=29"}],"curies":[{"name":"wp","href":"https:\/\/api.w.org\/{rel}","templated":true}]}}